{"id":405,"date":"2018-01-30T13:50:13","date_gmt":"2018-01-30T13:50:13","guid":{"rendered":"http:\/\/localhost\/signflow\/?page_id=405"},"modified":"2019-09-18T06:20:47","modified_gmt":"2019-09-18T06:20:47","slug":"contact-us","status":"publish","type":"page","link":"https:\/\/www.cpz.hr\/en\/contact-us\/","title":{"rendered":"CONTACT US"},"content":{"rendered":"<p>{&#8220;main-title&#8221;:{&#8220;component&#8221;:&#8221;hc_title&#8221;,&#8221;id&#8221;:&#8221;main-title&#8221;,&#8221;title&#8221;:&#8221;CONTACT US&#8221;,&#8221;subtitle&#8221;:&#8221;&#8221;,&#8221;title_content&#8221;:{&#8220;component&#8221;:&#8221;hc_title_empty&#8221;,&#8221;id&#8221;:&#8221;title-empty&#8221;}},&#8221;section_5ZtkF&#8221;:{&#8220;component&#8221;:&#8221;hc_section&#8221;,&#8221;id&#8221;:&#8221;section_5ZtkF&#8221;,&#8221;section_width&#8221;:&#8221;&#8221;,&#8221;animation&#8221;:&#8221;&#8221;,&#8221;animation_time&#8221;:&#8221;&#8221;,&#8221;timeline_animation&#8221;:&#8221;&#8221;,&#8221;timeline_delay&#8221;:&#8221;&#8221;,&#8221;timeline_order&#8221;:&#8221;&#8221;,&#8221;vertical_row&#8221;:&#8221;&#8221;,&#8221;box_middle&#8221;:&#8221;&#8221;,&#8221;css_classes&#8221;:&#8221;&#8221;,&#8221;custom_css_classes&#8221;:&#8221;&#8221;,&#8221;custom_css_styles&#8221;:&#8221;&#8221;,&#8221;section_content&#8221;:[{&#8220;component&#8221;:&#8221;hc_column&#8221;,&#8221;id&#8221;:&#8221;column_nEFgP&#8221;,&#8221;column_width&#8221;:&#8221;col-md-12&#8243;,&#8221;animation&#8221;:&#8221;&#8221;,&#8221;animation_time&#8221;:&#8221;&#8221;,&#8221;timeline_animation&#8221;:&#8221;&#8221;,&#8221;timeline_delay&#8221;:&#8221;&#8221;,&#8221;timeline_order&#8221;:&#8221;&#8221;,&#8221;css_classes&#8221;:&#8221;&#8221;,&#8221;custom_css_classes&#8221;:&#8221;&#8221;,&#8221;custom_css_styles&#8221;:&#8221;&#8221;,&#8221;main_content&#8221;:[{&#8220;component&#8221;:&#8221;hc_text_block&#8221;,&#8221;id&#8221;:&#8221;BNo4H&#8221;,&#8221;css_classes&#8221;:&#8221;&#8221;,&#8221;custom_css_classes&#8221;:&#8221;&#8221;,&#8221;custom_css_styles&#8221;:&#8221;&#8221;,&#8221;content&#8221;:&#8221;<iframe src=\\\"https:\/\/www.google.com\/maps\/embed?pb=!1m18!1m12!1m3!1d2781.1609668230935!2d16.016781051474016!3d45.80803457900396!2m3!1f0!2f0!3f0!3m2!1i1024!2i768!4f13.1!3m3!1m2!1s0x4765d63329aee3b7%3A0xc1d2400824dbb6e1!2sCPZ-CENTAR%20ZA%20PATENTE%20d.o.o.!5e0!3m2!1shr!2shr!4v1568787357668!5m2!1shr!2shr\\\" width=\\\"1140\\\" height=\\\"425\\\" frameborder=\\\"0\\\" style=\\\"border:0;\\\" allowfullscreen=\\\"\\\"><\/iframe>&#8220;},{&#8220;component&#8221;:&#8221;hc_space&#8221;,&#8221;id&#8221;:&#8221;jokNk&#8221;,&#8221;css_classes&#8221;:&#8221;&#8221;,&#8221;custom_css_classes&#8221;:&#8221;&#8221;,&#8221;custom_css_styles&#8221;:&#8221;&#8221;,&#8221;size&#8221;:&#8221;&#8221;,&#8221;height&#8221;:&#8221;&#8221;}]},{&#8220;component&#8221;:&#8221;hc_column&#8221;,&#8221;id&#8221;:&#8221;column_xjIsJ&#8221;,&#8221;column_width&#8221;:&#8221;col-md-12&#8243;,&#8221;animation&#8221;:&#8221;&#8221;,&#8221;animation_time&#8221;:&#8221;&#8221;,&#8221;timeline_animation&#8221;:&#8221;&#8221;,&#8221;timeline_delay&#8221;:&#8221;&#8221;,&#8221;timeline_order&#8221;:&#8221;&#8221;,&#8221;css_classes&#8221;:&#8221;proporzional-row &#8220;,&#8221;custom_css_classes&#8221;:&#8221;&#8221;,&#8221;custom_css_styles&#8221;:&#8221;&#8221;,&#8221;main_content&#8221;:[{&#8220;component&#8221;:&#8221;hc_column&#8221;,&#8221;id&#8221;:&#8221;column_eTMYj&#8221;,&#8221;column_width&#8221;:&#8221;col-md-6&#8243;,&#8221;animation&#8221;:&#8221;&#8221;,&#8221;animation_time&#8221;:&#8221;&#8221;,&#8221;timeline_animation&#8221;:&#8221;&#8221;,&#8221;timeline_delay&#8221;:&#8221;&#8221;,&#8221;timeline_order&#8221;:&#8221;&#8221;,&#8221;css_classes&#8221;:&#8221;col-sm-12 &#8220;,&#8221;custom_css_classes&#8221;:&#8221;&#8221;,&#8221;custom_css_styles&#8221;:&#8221;&#8221;,&#8221;main_content&#8221;:[{&#8220;component&#8221;:&#8221;hc_title_tag&#8221;,&#8221;id&#8221;:&#8221;PWTFZ&#8221;,&#8221;css_classes&#8221;:&#8221;text-color &#8220;,&#8221;custom_css_classes&#8221;:&#8221;&#8221;,&#8221;custom_css_styles&#8221;:&#8221;&#8221;,&#8221;text&#8221;:&#8221;Contact us&#8221;,&#8221;tag&#8221;:&#8221;h2&#8243;},{&#8220;component&#8221;:&#8221;hc_space&#8221;,&#8221;id&#8221;:&#8221;kbWVe&#8221;,&#8221;css_classes&#8221;:&#8221;&#8221;,&#8221;custom_css_classes&#8221;:&#8221;&#8221;,&#8221;custom_css_styles&#8221;:&#8221;&#8221;,&#8221;size&#8221;:&#8221;s&#8221;,&#8221;height&#8221;:&#8221;&#8221;},{&#8220;component&#8221;:&#8221;hc_contact_form&#8221;,&#8221;id&#8221;:&#8221;KWu97&#8243;,&#8221;css_classes&#8221;:&#8221;&#8221;,&#8221;custom_css_classes&#8221;:&#8221;&#8221;,&#8221;custom_css_styles&#8221;:&#8221;&#8221;,&#8221;rows&#8221;:[{&#8220;component&#8221;:&#8221;repeater_item&#8221;,&#8221;id&#8221;:&#8221;EnnZq&#8221;,&#8221;input_type&#8221;:&#8221;text&#8221;,&#8221;column&#8221;:&#8221;col-md-4&#8243;,&#8221;required&#8221;:true,&#8221;text&#8221;:&#8221;Name&#8221;},{&#8220;component&#8221;:&#8221;repeater_item&#8221;,&#8221;id&#8221;:&#8221;bw63R&#8221;,&#8221;input_type&#8221;:&#8221;email&#8221;,&#8221;column&#8221;:&#8221;col-md-4&#8243;,&#8221;required&#8221;:true,&#8221;text&#8221;:&#8221;E-mail address&#8221;},{&#8220;component&#8221;:&#8221;repeater_item&#8221;,&#8221;id&#8221;:&#8221;8IJmy&#8221;,&#8221;input_type&#8221;:&#8221;text&#8221;,&#8221;column&#8221;:&#8221;col-md-4&#8243;,&#8221;required&#8221;:false,&#8221;text&#8221;:&#8221;Phone number&#8221;},{&#8220;component&#8221;:&#8221;repeater_item&#8221;,&#8221;id&#8221;:&#8221;WyAUM&#8221;,&#8221;input_type&#8221;:&#8221;textarea&#8221;,&#8221;column&#8221;:&#8221;col-md-12&#8243;,&#8221;required&#8221;:true,&#8221;text&#8221;:&#8221;Message&#8221;}],&#8221;recipient_email&#8221;:&#8221;info@www.cpz.hr&#8221;,&#8221;subject&#8221;:&#8221;&#8221;,&#8221;label&#8221;:true,&#8221;placeholder&#8221;:false,&#8221;button_text&#8221;:&#8221;Send&#8221;,&#8221;button_style&#8221;:&#8221;circle&#8221;,&#8221;button_dimensions&#8221;:&#8221;btn-sm&#8221;,&#8221;button_animation&#8221;:false,&#8221;button_position&#8221;:&#8221;left&#8221;,&#8221;button_icon&#8221;:&#8221;fa fa-paper-plane&#8221;,&#8221;recaptcha&#8221;:&#8221;&#8221;,&#8221;checkbox&#8221;:&#8221;&#8221;,&#8221;success_message&#8221;:&#8221;Va\u0161a poruka je uspje\u0161no poslana! &#8220;,&#8221;error_message&#8221;:&#8221;Gre\u0161ka, molimo poku\u0161ajte ponovno!&#8221;}]},{&#8220;component&#8221;:&#8221;hc_column&#8221;,&#8221;id&#8221;:&#8221;column_4obBT&#8221;,&#8221;column_width&#8221;:&#8221;col-md-6&#8243;,&#8221;animation&#8221;:&#8221;&#8221;,&#8221;animation_time&#8221;:&#8221;&#8221;,&#8221;timeline_animation&#8221;:&#8221;&#8221;,&#8221;timeline_delay&#8221;:&#8221;&#8221;,&#8221;timeline_order&#8221;:&#8221;&#8221;,&#8221;css_classes&#8221;:&#8221;boxed-inverse shadow col-sm-12 &#8220;,&#8221;custom_css_classes&#8221;:&#8221;&#8221;,&#8221;custom_css_styles&#8221;:&#8221;&#8221;,&#8221;main_content&#8221;:[{&#8220;component&#8221;:&#8221;hc_text_block&#8221;,&#8221;id&#8221;:&#8221;1BsaI&#8221;,&#8221;css_classes&#8221;:&#8221;&#8221;,&#8221;custom_css_classes&#8221;:&#8221;&#8221;,&#8221;custom_css_styles&#8221;:&#8221;&#8221;,&#8221;content&#8221;:&#8221;CPZ-Centre for Patents Ltd.&#8221;},{&#8220;component&#8221;:&#8221;hc_column&#8221;,&#8221;id&#8221;:&#8221;column_bhj2Q&#8221;,&#8221;column_width&#8221;:&#8221;col-md-6&#8243;,&#8221;animation&#8221;:&#8221;&#8221;,&#8221;animation_time&#8221;:&#8221;&#8221;,&#8221;timeline_animation&#8221;:&#8221;&#8221;,&#8221;timeline_delay&#8221;:&#8221;&#8221;,&#8221;timeline_order&#8221;:&#8221;&#8221;,&#8221;css_classes&#8221;:&#8221;&#8221;,&#8221;custom_css_classes&#8221;:&#8221;&#8221;,&#8221;custom_css_styles&#8221;:&#8221;&#8221;,&#8221;main_content&#8221;:[{&#8220;component&#8221;:&#8221;hc_icon_list_simple&#8221;,&#8221;id&#8221;:&#8221;BE1j3&#8243;,&#8221;css_classes&#8221;:&#8221;&#8221;,&#8221;custom_css_classes&#8221;:&#8221;&#8221;,&#8221;custom_css_styles&#8221;:&#8221;&#8221;,&#8221;rows&#8221;:[{&#8220;component&#8221;:&#8221;repeater_item&#8221;,&#8221;id&#8221;:&#8221;i4ZLw&#8221;,&#8221;icon&#8221;:&#8221;&#8221;,&#8221;text&#8221;:&#8221;&#8221;},{&#8220;component&#8221;:&#8221;repeater_item&#8221;,&#8221;id&#8221;:&#8221;xZ04O&#8221;,&#8221;icon&#8221;:&#8221;fa fa-home&#8221;,&#8221;text&#8221;:&#8221;Kutinska 2, Zagreb, Croatia&#8221;}],&#8221;alignment&#8221;:&#8221;text-left&#8221;,&#8221;icon_size&#8221;:&#8221;&#8221;,&#8221;list_style&#8221;:&#8221;&#8221;}]},{&#8220;component&#8221;:&#8221;hc_column&#8221;,&#8221;id&#8221;:&#8221;column_cUxPp&#8221;,&#8221;column_width&#8221;:&#8221;col-md-6&#8243;,&#8221;animation&#8221;:&#8221;&#8221;,&#8221;animation_time&#8221;:&#8221;&#8221;,&#8221;timeline_animation&#8221;:&#8221;&#8221;,&#8221;timeline_delay&#8221;:&#8221;&#8221;,&#8221;timeline_order&#8221;:&#8221;&#8221;,&#8221;css_classes&#8221;:&#8221;&#8221;,&#8221;custom_css_classes&#8221;:&#8221;&#8221;,&#8221;custom_css_styles&#8221;:&#8221;&#8221;,&#8221;main_content&#8221;:[{&#8220;component&#8221;:&#8221;hc_icon_list_simple&#8221;,&#8221;id&#8221;:&#8221;Mnrx0&#8243;,&#8221;css_classes&#8221;:&#8221;&#8221;,&#8221;custom_css_classes&#8221;:&#8221;&#8221;,&#8221;custom_css_styles&#8221;:&#8221;&#8221;,&#8221;rows&#8221;:[{&#8220;component&#8221;:&#8221;repeater_item&#8221;,&#8221;id&#8221;:&#8221;B0guh&#8221;,&#8221;icon&#8221;:&#8221;fa fa-phone-square&#8221;,&#8221;text&#8221;:&#8221;+385 (01) 2312-213&#8243;},{&#8220;component&#8221;:&#8221;repeater_item&#8221;,&#8221;id&#8221;:&#8221;c9tRe&#8221;,&#8221;icon&#8221;:&#8221;fa fa-fax&#8221;,&#8221;text&#8221;:&#8221; +385 (01) 2330-510&#8243;},{&#8220;component&#8221;:&#8221;repeater_item&#8221;,&#8221;id&#8221;:&#8221;AIzif&#8221;,&#8221;icon&#8221;:&#8221;fa fa-envelope&#8221;,&#8221;text&#8221;:&#8221;info@cpz.hr&#8221;}],&#8221;alignment&#8221;:&#8221;text-left&#8221;,&#8221;icon_size&#8221;:&#8221;&#8221;,&#8221;list_style&#8221;:&#8221;&#8221;}]},{&#8220;component&#8221;:&#8221;hc_space&#8221;,&#8221;id&#8221;:&#8221;VHk1V&#8221;,&#8221;css_classes&#8221;:&#8221;&#8221;,&#8221;custom_css_classes&#8221;:&#8221;&#8221;,&#8221;custom_css_styles&#8221;:&#8221;&#8221;,&#8221;size&#8221;:&#8221;m&#8221;,&#8221;height&#8221;:&#8221;&#8221;},{&#8220;component&#8221;:&#8221;hc_social_share_buttons&#8221;,&#8221;id&#8221;:&#8221;bjDjR&#8221;,&#8221;css_classes&#8221;:&#8221;&#8221;,&#8221;custom_css_classes&#8221;:&#8221;&#8221;,&#8221;custom_css_styles&#8221;:&#8221;&#8221;,&#8221;type&#8221;:&#8221;circle_tt&#8221;,&#8221;position&#8221;:&#8221;left&#8221;,&#8221;link_type&#8221;:&#8221;link&#8221;,&#8221;text&#8221;:&#8221;&#8221;,&#8221;social_colors&#8221;:false,&#8221;fb&#8221;:false,&#8221;fb_link&#8221;:&#8221;#&#8221;,&#8221;tw&#8221;:false,&#8221;tw_link&#8221;:&#8221;#&#8221;,&#8221;g+&#8221;:false,&#8221;g+_link&#8221;:&#8221;#&#8221;,&#8221;li&#8221;:false,&#8221;li_link&#8221;:&#8221;#&#8221;}]}]}],&#8221;section_settings&#8221;:&#8221;&#8221;},&#8221;scripts&#8221;:{&#8220;contact_form&#8221;:&#8221;php\/contact-form.js&#8221;,&#8221;datepicker&#8221;:&#8221;php\/datepicker.min.js&#8221;,&#8221;toolstip&#8221;:&#8221;bootstrap\/js\/bootstrap.popover.min.js&#8221;},&#8221;css&#8221;:{&#8220;contact_form&#8221;:&#8221;scripts\/php\/contact-form.css&#8221;},&#8221;css_page&#8221;:&#8221;&#8221;,&#8221;template_setting&#8221;:{&#8220;settings&#8221;:{&#8220;id&#8221;:&#8221;settings&#8221;}},&#8221;template_setting_top&#8221;:{},&#8221;page_setting&#8221;:{&#8220;settings&#8221;:[&#8220;lock-mode-off&#8221;]}}<\/p>\n","protected":false},"excerpt":{"rendered":"<p>{&#8220;main-title&#8221;:{&#8220;component&#8221;:&#8221;hc_title&#8221;,&#8221;id&#8221;:&#8221;main-title&#8221;,&#8221;title&#8221;:&#8221;CONTACT US&#8221;,&#8221;subtitle&#8221;:&#8221;&#8221;,&#8221;title_content&#8221;:{&#8220;component&#8221;:&#8221;hc_title_empty&#8221;,&#8221;id&#8221;:&#8221;title-empty&#8221;}},&#8221;section_5ZtkF&#8221;:{&#8220;component&#8221;:&#8221;hc_section&#8221;,&#8221;id&#8221;:&#8221;section_5ZtkF&#8221;,&#8221;section_width&#8221;:&#8221;&#8221;,&#8221;animation&#8221;:&#8221;&#8221;,&#8221;animation_time&#8221;:&#8221;&#8221;,&#8221;timeline_animation&#8221;:&#8221;&#8221;,&#8221;timeline_delay&#8221;:&#8221;&#8221;,&#8221;timeline_order&#8221;:&#8221;&#8221;,&#8221;vertical_row&#8221;:&#8221;&#8221;,&#8221;box_middle&#8221;:&#8221;&#8221;,&#8221;css_classes&#8221;:&#8221;&#8221;,&#8221;custom_css_classes&#8221;:&#8221;&#8221;,&#8221;custom_css_styles&#8221;:&#8221;&#8221;,&#8221;section_content&#8221;:[{&#8220;component&#8221;:&#8221;hc_column&#8221;,&#8221;id&#8221;:&#8221;column_nEFgP&#8221;,&#8221;column_width&#8221;:&#8221;col-md-12&#8243;,&#8221;animation&#8221;:&#8221;&#8221;,&#8221;animation_time&#8221;:&#8221;&#8221;,&#8221;timeline_animation&#8221;:&#8221;&#8221;,&#8221;timeline_delay&#8221;:&#8221;&#8221;,&#8221;timeline_order&#8221;:&#8221;&#8221;,&#8221;css_classes&#8221;:&#8221;&#8221;,&#8221;custom_css_classes&#8221;:&#8221;&#8221;,&#8221;custom_css_styles&#8221;:&#8221;&#8221;,&#8221;main_content&#8221;:[{&#8220;component&#8221;:&#8221;hc_text_block&#8221;,&#8221;id&#8221;:&#8221;BNo4H&#8221;,&#8221;css_classes&#8221;:&#8221;&#8221;,&#8221;custom_css_classes&#8221;:&#8221;&#8221;,&#8221;custom_css_styles&#8221;:&#8221;&#8221;,&#8221;content&#8221;:&#8221;&#8220;},{&#8220;component&#8221;:&#8221;hc_space&#8221;,&#8221;id&#8221;:&#8221;jokNk&#8221;,&#8221;css_classes&#8221;:&#8221;&#8221;,&#8221;custom_css_classes&#8221;:&#8221;&#8221;,&#8221;custom_css_styles&#8221;:&#8221;&#8221;,&#8221;size&#8221;:&#8221;&#8221;,&#8221;height&#8221;:&#8221;&#8221;}]},{&#8220;component&#8221;:&#8221;hc_column&#8221;,&#8221;id&#8221;:&#8221;column_xjIsJ&#8221;,&#8221;column_width&#8221;:&#8221;col-md-12&#8243;,&#8221;animation&#8221;:&#8221;&#8221;,&#8221;animation_time&#8221;:&#8221;&#8221;,&#8221;timeline_animation&#8221;:&#8221;&#8221;,&#8221;timeline_delay&#8221;:&#8221;&#8221;,&#8221;timeline_order&#8221;:&#8221;&#8221;,&#8221;css_classes&#8221;:&#8221;proporzional-row &#8220;,&#8221;custom_css_classes&#8221;:&#8221;&#8221;,&#8221;custom_css_styles&#8221;:&#8221;&#8221;,&#8221;main_content&#8221;:[{&#8220;component&#8221;:&#8221;hc_column&#8221;,&#8221;id&#8221;:&#8221;column_eTMYj&#8221;,&#8221;column_width&#8221;:&#8221;col-md-6&#8243;,&#8221;animation&#8221;:&#8221;&#8221;,&#8221;animation_time&#8221;:&#8221;&#8221;,&#8221;timeline_animation&#8221;:&#8221;&#8221;,&#8221;timeline_delay&#8221;:&#8221;&#8221;,&#8221;timeline_order&#8221;:&#8221;&#8221;,&#8221;css_classes&#8221;:&#8221;col-sm-12 &#8220;,&#8221;custom_css_classes&#8221;:&#8221;&#8221;,&#8221;custom_css_styles&#8221;:&#8221;&#8221;,&#8221;main_content&#8221;:[{&#8220;component&#8221;:&#8221;hc_title_tag&#8221;,&#8221;id&#8221;:&#8221;PWTFZ&#8221;,&#8221;css_classes&#8221;:&#8221;text-color &#8220;,&#8221;custom_css_classes&#8221;:&#8221;&#8221;,&#8221;custom_css_styles&#8221;:&#8221;&#8221;,&#8221;text&#8221;:&#8221;Contact us&#8221;,&#8221;tag&#8221;:&#8221;h2&#8243;},{&#8220;component&#8221;:&#8221;hc_space&#8221;,&#8221;id&#8221;:&#8221;kbWVe&#8221;,&#8221;css_classes&#8221;:&#8221;&#8221;,&#8221;custom_css_classes&#8221;:&#8221;&#8221;,&#8221;custom_css_styles&#8221;:&#8221;&#8221;,&#8221;size&#8221;:&#8221;s&#8221;,&#8221;height&#8221;:&#8221;&#8221;},{&#8220;component&#8221;:&#8221;hc_contact_form&#8221;,&#8221;id&#8221;:&#8221;KWu97&#8243;,&#8221;css_classes&#8221;:&#8221;&#8221;,&#8221;custom_css_classes&#8221;:&#8221;&#8221;,&#8221;custom_css_styles&#8221;:&#8221;&#8221;,&#8221;rows&#8221;:[{&#8220;component&#8221;:&#8221;repeater_item&#8221;,&#8221;id&#8221;:&#8221;EnnZq&#8221;,&#8221;input_type&#8221;:&#8221;text&#8221;,&#8221;column&#8221;:&#8221;col-md-4&#8243;,&#8221;required&#8221;:true,&#8221;text&#8221;:&#8221;Name&#8221;},{&#8220;component&#8221;:&#8221;repeater_item&#8221;,&#8221;id&#8221;:&#8221;bw63R&#8221;,&#8221;input_type&#8221;:&#8221;email&#8221;,&#8221;column&#8221;:&#8221;col-md-4&#8243;,&#8221;required&#8221;:true,&#8221;text&#8221;:&#8221;E-mail address&#8221;},{&#8220;component&#8221;:&#8221;repeater_item&#8221;,&#8221;id&#8221;:&#8221;8IJmy&#8221;,&#8221;input_type&#8221;:&#8221;text&#8221;,&#8221;column&#8221;:&#8221;col-md-4&#8243;,&#8221;required&#8221;:false,&#8221;text&#8221;:&#8221;Phone number&#8221;},{&#8220;component&#8221;:&#8221;repeater_item&#8221;,&#8221;id&#8221;:&#8221;WyAUM&#8221;,&#8221;input_type&#8221;:&#8221;textarea&#8221;,&#8221;column&#8221;:&#8221;col-md-12&#8243;,&#8221;required&#8221;:true,&#8221;text&#8221;:&#8221;Message&#8221;}],&#8221;recipient_email&#8221;:&#8221;info@www.cpz.hr&#8221;,&#8221;subject&#8221;:&#8221;&#8221;,&#8221;label&#8221;:true,&#8221;placeholder&#8221;:false,&#8221;button_text&#8221;:&#8221;Send&#8221;,&#8221;button_style&#8221;:&#8221;circle&#8221;,&#8221;button_dimensions&#8221;:&#8221;btn-sm&#8221;,&#8221;button_animation&#8221;:false,&#8221;button_position&#8221;:&#8221;left&#8221;,&#8221;button_icon&#8221;:&#8221;fa fa-paper-plane&#8221;,&#8221;recaptcha&#8221;:&#8221;&#8221;,&#8221;checkbox&#8221;:&#8221;&#8221;,&#8221;success_message&#8221;:&#8221;Va\u0161a poruka je uspje\u0161no poslana! &#8220;,&#8221;error_message&#8221;:&#8221;Gre\u0161ka, molimo poku\u0161ajte ponovno!&#8221;}]},{&#8220;component&#8221;:&#8221;hc_column&#8221;,&#8221;id&#8221;:&#8221;column_4obBT&#8221;,&#8221;column_width&#8221;:&#8221;col-md-6&#8243;,&#8221;animation&#8221;:&#8221;&#8221;,&#8221;animation_time&#8221;:&#8221;&#8221;,&#8221;timeline_animation&#8221;:&#8221;&#8221;,&#8221;timeline_delay&#8221;:&#8221;&#8221;,&#8221;timeline_order&#8221;:&#8221;&#8221;,&#8221;css_classes&#8221;:&#8221;boxed-inverse shadow col-sm-12 &#8220;,&#8221;custom_css_classes&#8221;:&#8221;&#8221;,&#8221;custom_css_styles&#8221;:&#8221;&#8221;,&#8221;main_content&#8221;:[{&#8220;component&#8221;:&#8221;hc_text_block&#8221;,&#8221;id&#8221;:&#8221;1BsaI&#8221;,&#8221;css_classes&#8221;:&#8221;&#8221;,&#8221;custom_css_classes&#8221;:&#8221;&#8221;,&#8221;custom_css_styles&#8221;:&#8221;&#8221;,&#8221;content&#8221;:&#8221;CPZ-Centre for Patents Ltd.&#8221;},{&#8220;component&#8221;:&#8221;hc_column&#8221;,&#8221;id&#8221;:&#8221;column_bhj2Q&#8221;,&#8221;column_width&#8221;:&#8221;col-md-6&#8243;,&#8221;animation&#8221;:&#8221;&#8221;,&#8221;animation_time&#8221;:&#8221;&#8221;,&#8221;timeline_animation&#8221;:&#8221;&#8221;,&#8221;timeline_delay&#8221;:&#8221;&#8221;,&#8221;timeline_order&#8221;:&#8221;&#8221;,&#8221;css_classes&#8221;:&#8221;&#8221;,&#8221;custom_css_classes&#8221;:&#8221;&#8221;,&#8221;custom_css_styles&#8221;:&#8221;&#8221;,&#8221;main_content&#8221;:[{&#8220;component&#8221;:&#8221;hc_icon_list_simple&#8221;,&#8221;id&#8221;:&#8221;BE1j3&#8243;,&#8221;css_classes&#8221;:&#8221;&#8221;,&#8221;custom_css_classes&#8221;:&#8221;&#8221;,&#8221;custom_css_styles&#8221;:&#8221;&#8221;,&#8221;rows&#8221;:[{&#8220;component&#8221;:&#8221;repeater_item&#8221;,&#8221;id&#8221;:&#8221;i4ZLw&#8221;,&#8221;icon&#8221;:&#8221;&#8221;,&#8221;text&#8221;:&#8221;&#8221;},{&#8220;component&#8221;:&#8221;repeater_item&#8221;,&#8221;id&#8221;:&#8221;xZ04O&#8221;,&#8221;icon&#8221;:&#8221;fa fa-home&#8221;,&#8221;text&#8221;:&#8221;Kutinska 2, Zagreb, Croatia&#8221;}],&#8221;alignment&#8221;:&#8221;text-left&#8221;,&#8221;icon_size&#8221;:&#8221;&#8221;,&#8221;list_style&#8221;:&#8221;&#8221;}]},{&#8220;component&#8221;:&#8221;hc_column&#8221;,&#8221;id&#8221;:&#8221;column_cUxPp&#8221;,&#8221;column_width&#8221;:&#8221;col-md-6&#8243;,&#8221;animation&#8221;:&#8221;&#8221;,&#8221;animation_time&#8221;:&#8221;&#8221;,&#8221;timeline_animation&#8221;:&#8221;&#8221;,&#8221;timeline_delay&#8221;:&#8221;&#8221;,&#8221;timeline_order&#8221;:&#8221;&#8221;,&#8221;css_classes&#8221;:&#8221;&#8221;,&#8221;custom_css_classes&#8221;:&#8221;&#8221;,&#8221;custom_css_styles&#8221;:&#8221;&#8221;,&#8221;main_content&#8221;:[{&#8220;component&#8221;:&#8221;hc_icon_list_simple&#8221;,&#8221;id&#8221;:&#8221;Mnrx0&#8243;,&#8221;css_classes&#8221;:&#8221;&#8221;,&#8221;custom_css_classes&#8221;:&#8221;&#8221;,&#8221;custom_css_styles&#8221;:&#8221;&#8221;,&#8221;rows&#8221;:[{&#8220;component&#8221;:&#8221;repeater_item&#8221;,&#8221;id&#8221;:&#8221;B0guh&#8221;,&#8221;icon&#8221;:&#8221;fa fa-phone-square&#8221;,&#8221;text&#8221;:&#8221;+385 (01) 2312-213&#8243;},{&#8220;component&#8221;:&#8221;repeater_item&#8221;,&#8221;id&#8221;:&#8221;c9tRe&#8221;,&#8221;icon&#8221;:&#8221;fa fa-fax&#8221;,&#8221;text&#8221;:&#8221; +385 (01) 2330-510&#8243;},{&#8220;component&#8221;:&#8221;repeater_item&#8221;,&#8221;id&#8221;:&#8221;AIzif&#8221;,&#8221;icon&#8221;:&#8221;fa fa-envelope&#8221;,&#8221;text&#8221;:&#8221;info@cpz.hr&#8221;}],&#8221;alignment&#8221;:&#8221;text-left&#8221;,&#8221;icon_size&#8221;:&#8221;&#8221;,&#8221;list_style&#8221;:&#8221;&#8221;}]},{&#8220;component&#8221;:&#8221;hc_space&#8221;,&#8221;id&#8221;:&#8221;VHk1V&#8221;,&#8221;css_classes&#8221;:&#8221;&#8221;,&#8221;custom_css_classes&#8221;:&#8221;&#8221;,&#8221;custom_css_styles&#8221;:&#8221;&#8221;,&#8221;size&#8221;:&#8221;m&#8221;,&#8221;height&#8221;:&#8221;&#8221;},{&#8220;component&#8221;:&#8221;hc_social_share_buttons&#8221;,&#8221;id&#8221;:&#8221;bjDjR&#8221;,&#8221;css_classes&#8221;:&#8221;&#8221;,&#8221;custom_css_classes&#8221;:&#8221;&#8221;,&#8221;custom_css_styles&#8221;:&#8221;&#8221;,&#8221;type&#8221;:&#8221;circle_tt&#8221;,&#8221;position&#8221;:&#8221;left&#8221;,&#8221;link_type&#8221;:&#8221;link&#8221;,&#8221;text&#8221;:&#8221;&#8221;,&#8221;social_colors&#8221;:false,&#8221;fb&#8221;:false,&#8221;fb_link&#8221;:&#8221;#&#8221;,&#8221;tw&#8221;:false,&#8221;tw_link&#8221;:&#8221;#&#8221;,&#8221;g+&#8221;:false,&#8221;g+_link&#8221;:&#8221;#&#8221;,&#8221;li&#8221;:false,&#8221;li_link&#8221;:&#8221;#&#8221;}]}]}],&#8221;section_settings&#8221;:&#8221;&#8221;},&#8221;scripts&#8221;:{&#8220;contact_form&#8221;:&#8221;php\/contact-form.js&#8221;,&#8221;datepicker&#8221;:&#8221;php\/datepicker.min.js&#8221;,&#8221;toolstip&#8221;:&#8221;bootstrap\/js\/bootstrap.popover.min.js&#8221;},&#8221;css&#8221;:{&#8220;contact_form&#8221;:&#8221;scripts\/php\/contact-form.css&#8221;},&#8221;css_page&#8221;:&#8221;&#8221;,&#8221;template_setting&#8221;:{&#8220;settings&#8221;:{&#8220;id&#8221;:&#8221;settings&#8221;}},&#8221;template_setting_top&#8221;:{},&#8221;page_setting&#8221;:{&#8220;settings&#8221;:[&#8220;lock-mode-off&#8221;]}}<\/p>\n","protected":false},"author":1,"featured_media":0,"parent":0,"menu_order":0,"comment_status":"closed","ping_status":"closed","template":"","meta":{"footnotes":""},"class_list":["post-405","page","type-page","status-publish","hentry"],"_links":{"self":[{"href":"https:\/\/www.cpz.hr\/en\/wp-json\/wp\/v2\/pages\/405","targetHints":{"allow":["GET"]}}],"collection":[{"href":"https:\/\/www.cpz.hr\/en\/wp-json\/wp\/v2\/pages"}],"about":[{"href":"https:\/\/www.cpz.hr\/en\/wp-json\/wp\/v2\/types\/page"}],"author":[{"embeddable":true,"href":"https:\/\/www.cpz.hr\/en\/wp-json\/wp\/v2\/users\/1"}],"replies":[{"embeddable":true,"href":"https:\/\/www.cpz.hr\/en\/wp-json\/wp\/v2\/comments?post=405"}],"version-history":[{"count":73,"href":"https:\/\/www.cpz.hr\/en\/wp-json\/wp\/v2\/pages\/405\/revisions"}],"predecessor-version":[{"id":999956911,"href":"https:\/\/www.cpz.hr\/en\/wp-json\/wp\/v2\/pages\/405\/revisions\/999956911"}],"wp:attachment":[{"href":"https:\/\/www.cpz.hr\/en\/wp-json\/wp\/v2\/media?parent=405"}],"curies":[{"name":"wp","href":"https:\/\/api.w.org\/{rel}","templated":true}]}}